{"id":13,"date":"2016-02-11T12:26:06","date_gmt":"2016-02-11T11:26:06","guid":{"rendered":"http:\/\/promotion-quarre-morvan.fr\/?page_id=13"},"modified":"2024-09-13T15:58:30","modified_gmt":"2024-09-13T14:58:30","slug":"13-2","status":"publish","type":"page","link":"http:\/\/promotion-quarre-morvan.fr\/index.php\/13-2\/","title":{"rendered":"L &lsquo;Expo Artisanale"},"content":{"rendered":"\t\t<div data-elementor-type=\"wp-page\" data-elementor-id=\"13\" class=\"elementor elementor-13\">\n\t\t\t\t\t\t<section class=\"elementor-section elementor-top-section elementor-element elementor-element-4274b4ed elementor-section-boxed elementor-section-height-default elementor-section-height-default\" data-id=\"4274b4ed\" data-element_type=\"section\">\n\t\t\t\t\t\t<div class=\"elementor-container elementor-column-gap-default\">\n\t\t\t\t\t<div class=\"elementor-column elementor-col-100 elementor-top-column elementor-element elementor-element-6ffa6a84\" data-id=\"6ffa6a84\" data-element_type=\"column\">\n\t\t\t<div class=\"elementor-widget-wrap elementor-element-populated\">\n\t\t\t\t\t\t<div class=\"elementor-element elementor-element-62d116b1 elementor-widget elementor-widget-text-editor\" data-id=\"62d116b1\" data-element_type=\"widget\" data-widget_type=\"text-editor.default\">\n\t\t\t\t<div class=\"elementor-widget-container\">\n\t\t\t\t\t\t\t\t\t<h2 style=\"text-align: center;\">\u00a0<\/h2><h4><strong>Chaque ann\u00e9e, depuis plus de 30 ans, l\u2019exposition artisanale a permis \u00e0 des milliers de visiteurs de d\u00e9couvrir des artisans et des m\u00e9tiers d\u2019art et de faire des emplettes selon leurs go\u00fbts et leur bourse. Pendant l\u2019exposition, de nombreuses animations sont propos\u00e9es aux enfants et aux plus grands.\u00a0 Sur place \u00e9galement, buvette, restauration et stands d\u2019informations locales. <\/strong><strong>De 10 heures \u00e0 19 heures, entr\u00e9e libre et gratuite.<\/strong><\/h4><p><img decoding=\"async\" class=\"size-thumbnail wp-image-834 alignleft\" src=\"http:\/\/promotion-quarre-morvan.fr\/wp-content\/uploads\/2016\/02\/stand-tablo-150x150.jpg\" alt=\"OLYMPUS DIGITAL CAMERA\" width=\"150\" height=\"150\" \/><\/p><h2>\u00a0<\/h2><h2 style=\"text-align: center;\"><span style=\"color: #ff0000;\">Deux ma\u00eetres mots \u00ab\u00a0QUALITE ET DIVERSITE\u00a0\u00bb<\/span><\/h2><h2 style=\"text-align: center;\">\u00a0<\/h2><p><img decoding=\"async\" class=\"alignright wp-image-837 size-full\" src=\"http:\/\/promotion-quarre-morvan.fr\/wp-content\/uploads\/2016\/02\/stand-stylos-plume.jpg\" alt=\"OLYMPUS DIGITAL CAMERA\" width=\"198\" height=\"133\" srcset=\"http:\/\/promotion-quarre-morvan.fr\/wp-content\/uploads\/2016\/02\/stand-stylos-plume.jpg 198w, http:\/\/promotion-quarre-morvan.fr\/wp-content\/uploads\/2016\/02\/stand-stylos-plume-179x120.jpg 179w\" sizes=\"(max-width: 198px) 100vw, 198px\" \/>\u00abPromotion Quarr\u00e9 Morvan\u00bb l\u2019association organisatrice veille \u00e0 la qualit\u00e9 et \u00e0 la diversit\u00e9 des exposants. Elle ne retient que des professionnels d\u00e9clar\u00e9s, qui cr\u00e9ent et fabriquent eux-m\u00eames des produits de belle facture. Elle veille \u00e0 pr\u00e9senter un large \u00e9ventail des m\u00e9tiers d\u2019art, d\u2018origines g\u00e9ographiques diverses, et chaque ann\u00e9e elle pr\u00e9sente une vingtaine de nouveaux exposants. Elle demande aux exposants de faire des d\u00e9monstrations de leur savoir faire devant le public pour que soit appr\u00e9ci\u00e9e l\u2019habilit\u00e9 des artisans d\u2019art, faire partager leur passion et cr\u00e9er de vrais temps d\u2019\u00e9change.<\/p><p><img fetchpriority=\"high\" decoding=\"async\" class=\"alignleft wp-image-839 size-full\" src=\"http:\/\/promotion-quarre-morvan.fr\/wp-content\/uploads\/2016\/02\/stand-roncier.jpg\" alt=\"OLYMPUS DIGITAL CAMERA\" width=\"316\" height=\"269\" srcset=\"http:\/\/promotion-quarre-morvan.fr\/wp-content\/uploads\/2016\/02\/stand-roncier.jpg 316w, http:\/\/promotion-quarre-morvan.fr\/wp-content\/uploads\/2016\/02\/stand-roncier-300x255.jpg 300w, http:\/\/promotion-quarre-morvan.fr\/wp-content\/uploads\/2016\/02\/stand-roncier-141x120.jpg 141w\" sizes=\"(max-width: 316px) 100vw, 316px\" \/><\/p><p>A c\u00f4t\u00e9 des artisans, une petite vingtaine de producteurs r\u00e9gionaux proposent diff\u00e9rents produits de bouche de qualit\u00e9, des d\u00e9monstrations ou des d\u00e9gustations.<\/p><p>Pour que les visiteurs passent vraiment un bon moment en venant \u00e0 l\u2019exposition, ils peuvent profiter des animations pour les petits et les grands, passer selon leur centre d&rsquo;int\u00e9r\u00eat un moment dans l&rsquo;un des espaces th\u00e9matiques, se restaurer le midi dans la salle traiteur ou aux buvettes, manger des cr\u00eapes &#8230;<\/p><p>\u00a0<\/p><h3 style=\"text-align: center;\"><span style=\"color: #ff0000;\"><strong>L&rsquo;exposition, c&rsquo;est :<\/strong><\/span><\/h3><ul><li><span style=\"color: #339966;\"><strong>des artisans et m\u00e9tiers d\u2019art dans des domaines vari\u00e9s\u00a0<\/strong>:<\/span><ul><li>bois, \u00a0verre, m\u00e9tal, ou cuir pour des instruments de musique, des lampes, des sacs, des bijoux, des jouets, des vitraux, de beaux couteaux, de la vaisselle<img loading=\"lazy\" decoding=\"async\" class=\"size-thumbnail wp-image-846 alignright\" src=\"http:\/\/promotion-quarre-morvan.fr\/wp-content\/uploads\/2016\/02\/main-travail-5-150x150.png\" alt=\"main travail 5\" width=\"150\" height=\"150\" \/><\/li><li>des peintures, des sculptures, des c\u00e9ramiques<\/li><li>des lainages et des v\u00eatements,<\/li><li>des bougies, pots-pourris, savons, huiles de massage<\/li><li>des nourritures intellectuelles<\/li><li>et diff\u00e9rents professionnels du b\u00e2timent et second \u0153uvre<\/li><\/ul><\/li><\/ul><ul><li><span style=\"color: #339966;\"><strong>toujours de nouveaux exposants \u00e0 d\u00e9couvrir<\/strong><\/span><\/li><\/ul><ul><li><strong><span style=\"color: #339966;\">des producteurs pour satisfaire les papilles<\/span>\u00a0<\/strong>:<\/li><\/ul><p>Vins, champagne, cidre, \u00a0eau de vie, ratafia, whisky, condiments cuisine, canards, fromages fermiers, miel, macarons et g\u00e2teaux, caramels beurre sal\u00e9, chocolats\u2026\u00a0<strong>De nombreuses d\u00e9gustations sont offertes.<\/strong><\/p><ul><li><span style=\"color: #339966;\"><span style=\"color: #339966;\"><span style=\"color: #339966;\"><strong><img loading=\"lazy\" decoding=\"async\" class=\"size-thumbnail wp-image-844 alignright\" src=\"http:\/\/promotion-quarre-morvan.fr\/wp-content\/uploads\/2016\/02\/main-travail-6-150x150.png\" alt=\"main travail 6\" width=\"150\" height=\"150\" \/>des d\u00e9monstrations de savoir-faire\u00a0<\/strong>:<\/span><\/span><\/span><\/li><\/ul><p>Montrer les mains qui travaillent, expliquer les gestes, faire voir comment les mati\u00e8res se transforment, partager avec un public curieux, et donner envie d\u2019apprendre.<\/p><ul><li><span style=\"color: #339966;\"><strong>Pour s\u2019abreuver ou se restaurer\u00a0<\/strong><\/span>:<\/li><\/ul><p>Boissons chaudes et froides, assiettes de crudit\u00e9s, de charcuterie, multiples sandwiches, frites avec (ou sans) merguez, saucisses ou poulet, desserts, cr\u00eapes\u00a0 \u2026 sont propos\u00e9s sur diff\u00e9rents stands et buvettes de l\u2019association. Les d\u00e9gustations peuvent se faire assis autour de petites tables.<\/p><ul><li><strong><span style=\"color: #339966;\">Des animations<\/span><\/strong><\/li><\/ul><p><img loading=\"lazy\" decoding=\"async\" class=\"alignleft wp-image-850 size-full\" src=\"http:\/\/promotion-quarre-morvan.fr\/wp-content\/uploads\/2016\/02\/tombola.jpg\" alt=\"tombola\" width=\"256\" height=\"256\" srcset=\"http:\/\/promotion-quarre-morvan.fr\/wp-content\/uploads\/2016\/02\/tombola.jpg 256w, http:\/\/promotion-quarre-morvan.fr\/wp-content\/uploads\/2016\/02\/tombola-150x150.jpg 150w, http:\/\/promotion-quarre-morvan.fr\/wp-content\/uploads\/2016\/02\/tombola-120x120.jpg 120w\" sizes=\"(max-width: 256px) 100vw, 256px\" \/><\/p><p><strong><span style=\"color: #339966;\">Plus de 50 b\u00e9n\u00e9voles pr\u00e9parent cette exposition pendant des mois<\/span>. <\/strong>Sur place, ils assurent la logistique, la s\u00e9curit\u00e9, l\u2019accueil des exposants, les buvettes, les stands restauration, la tombola\u2026 Heureusement, ils re\u00e7oivent le renfort d\u2019amis et d\u2019habitants de Quarr\u00e9 et des alentours<\/p><p>\u00a0<\/p><p><strong>\u00a0<\/strong><\/p><hr \/><h2 style=\"text-align: center;\">\u00a0<\/h2><p><a href=\"http:\/\/promotion-quarre-morvan.fr\/wp-content\/uploads\/2019\/04\/financeurs.jpg\"><img loading=\"lazy\" decoding=\"async\" class=\"aligncenter wp-image-1443\" src=\"http:\/\/promotion-quarre-morvan.fr\/wp-content\/uploads\/2019\/04\/financeurs.jpg\" alt=\"\" width=\"489\" height=\"107\" srcset=\"http:\/\/promotion-quarre-morvan.fr\/wp-content\/uploads\/2019\/04\/financeurs.jpg 1059w, http:\/\/promotion-quarre-morvan.fr\/wp-content\/uploads\/2019\/04\/financeurs-300x66.jpg 300w, http:\/\/promotion-quarre-morvan.fr\/wp-content\/uploads\/2019\/04\/financeurs-768x168.jpg 768w, http:\/\/promotion-quarre-morvan.fr\/wp-content\/uploads\/2019\/04\/financeurs-1024x224.jpg 1024w, http:\/\/promotion-quarre-morvan.fr\/wp-content\/uploads\/2019\/04\/financeurs-548x120.jpg 548w\" sizes=\"(max-width: 489px) 100vw, 489px\" \/><\/a><\/p><hr \/><p>\u00a0<\/p><hr \/><p style=\"text-align: center;\"><a href=\"mailto:helene.roueche@orange.fr\"><img loading=\"lazy\" decoding=\"async\" class=\"alignnone wp-image-202 size-full\" src=\"http:\/\/promotion-quarre-morvan.fr\/wp-content\/uploads\/2016\/03\/@mail-e1457656331304.jpg\" alt=\"@mail\" width=\"64\" height=\"60\" \/><\/a><\/p>\t\t\t\t\t\t\t\t<\/div>\n\t\t\t\t<\/div>\n\t\t\t\t\t<\/div>\n\t\t<\/div>\n\t\t\t\t\t<\/div>\n\t\t<\/section>\n\t\t\t\t<\/div>\n\t\t","protected":false},"excerpt":{"rendered":"<p>\u00a0 Chaque ann\u00e9e, depuis plus de 30 ans, l\u2019exposition artisanale a permis \u00e0 des milliers de visiteurs de d\u00e9couvrir des artisans et des m\u00e9tiers d\u2019art et de faire des emplettes selon leurs go\u00fbts et leur bourse. Pendant l\u2019exposition, de nombreuses animations sont propos\u00e9es aux enfants et aux plus grands.\u00a0 Sur place \u00e9galement, buvette, restauration et [&hellip;]<\/p>\n","protected":false},"author":5380,"featured_media":0,"parent":0,"menu_order":0,"comment_status":"closed","ping_status":"closed","template":"","meta":{"footnotes":""},"class_list":["post-13","page","type-page","status-publish","hentry"],"_links":{"self":[{"href":"http:\/\/promotion-quarre-morvan.fr\/index.php\/wp-json\/wp\/v2\/pages\/13","targetHints":{"allow":["GET"]}}],"collection":[{"href":"http:\/\/promotion-quarre-morvan.fr\/index.php\/wp-json\/wp\/v2\/pages"}],"about":[{"href":"http:\/\/promotion-quarre-morvan.fr\/index.php\/wp-json\/wp\/v2\/types\/page"}],"author":[{"embeddable":true,"href":"http:\/\/promotion-quarre-morvan.fr\/index.php\/wp-json\/wp\/v2\/users\/5380"}],"replies":[{"embeddable":true,"href":"http:\/\/promotion-quarre-morvan.fr\/index.php\/wp-json\/wp\/v2\/comments?post=13"}],"version-history":[{"count":71,"href":"http:\/\/promotion-quarre-morvan.fr\/index.php\/wp-json\/wp\/v2\/pages\/13\/revisions"}],"predecessor-version":[{"id":2930,"href":"http:\/\/promotion-quarre-morvan.fr\/index.php\/wp-json\/wp\/v2\/pages\/13\/revisions\/2930"}],"wp:attachment":[{"href":"http:\/\/promotion-quarre-morvan.fr\/index.php\/wp-json\/wp\/v2\/media?parent=13"}],"curies":[{"name":"wp","href":"https:\/\/api.w.org\/{rel}","templated":true}]}}