{"id":1958,"date":"2023-03-08T11:35:33","date_gmt":"2023-03-08T10:35:33","guid":{"rendered":"http:\/\/promotion-quarre-morvan.fr\/?page_id=1958"},"modified":"2026-02-12T09:34:31","modified_gmt":"2026-02-12T08:34:31","slug":"nous-rejoindre","status":"publish","type":"page","link":"http:\/\/promotion-quarre-morvan.fr\/index.php\/nous-rejoindre\/","title":{"rendered":"Nous rejoindre"},"content":{"rendered":"\t\t<div data-elementor-type=\"wp-page\" data-elementor-id=\"1958\" class=\"elementor elementor-1958\">\n\t\t\t\t\t\t<section class=\"elementor-section elementor-top-section elementor-element elementor-element-141124a elementor-section-boxed elementor-section-height-default elementor-section-height-default\" data-id=\"141124a\" data-element_type=\"section\">\n\t\t\t\t\t\t<div class=\"elementor-container elementor-column-gap-default\">\n\t\t\t\t\t<div class=\"elementor-column elementor-col-100 elementor-top-column elementor-element elementor-element-ced16c1\" data-id=\"ced16c1\" data-element_type=\"column\">\n\t\t\t<div class=\"elementor-widget-wrap elementor-element-populated\">\n\t\t\t\t\t\t<div class=\"elementor-element elementor-element-321ddbd elementor-widget__width-initial elementor-widget elementor-widget-text-editor\" data-id=\"321ddbd\" data-element_type=\"widget\" data-widget_type=\"text-editor.default\">\n\t\t\t\t<div class=\"elementor-widget-container\">\n\t\t\t\t\t\t\t\t\t<p>Aujourd\u2019hui, nous <strong>souhaitons accueillir de jeunes b\u00e9n\u00e9voles <\/strong>pour apporter des id\u00e9es neuves et continuer l\u2019engagement dans l\u2019animation de Quarr\u00e9-Les-Tombes, dont tous reconnaissent la richesse.<\/p><p><strong>Nous vous proposons de nous rejoindre et de participer \u00e0 nos activit\u00e9s <\/strong>en fonction de vos possibilit\u00e9s, de la simple adh\u00e9sion \u00e0 un engagement plus important. Chaque adh\u00e9rent participe \u00e0 l\u2019assembl\u00e9e g\u00e9n\u00e9rale et aux r\u00e9unions de pr\u00e9paration des manifestations et re\u00e7oit des informations r\u00e9guli\u00e8res, sans oublier les soir\u00e9es conviviales\u2026 Au total, nous nous r\u00e9unissons pr\u00e8s d\u2019une quinzaine de fois dans l\u2019ann\u00e9e.<\/p><p>C\u2019est avec plaisir que nous vous accueillons.<\/p><p>Vous h\u00e9sitez \u00e0 vous engager ? Vous pouvez contacter Charlotte pour venir participer \u00e0 l\u2019une de nos r\u00e9unions de pr\u00e9paration ou simplement nous aider selon vos disponibilit\u00e9s lors de l\u2019un nos \u00e9v\u00e9nements ! Vous serez conquis\u00a0!<\/p><p><strong>Qui peut s\u2019engager ?<\/strong><\/p><p>Mineur ou majeur, vous pouvez nous rejoindre ! Pour les adultes, une cotisation d\u2019adh\u00e9sion de 5\u20ac vous sera demand\u00e9e. Pour les mineurs, la cotisation d\u2019adh\u00e9sion est de 1\u20ac.<\/p><p>Vous pouvez nous retourner le bulletin \u00e0 l\u2019intention de Charlotte \ud83d\udc69\u200d\ud83e\uddb0, notre secr\u00e9taire, \u00e0 l\u2019adresse : <a href=\"mailto:secretariat@promotion-quarre-morvan.fr\">secretariat@promotion-quarre-morvan.fr<\/a> ou lui parler au 06.08.81.59.57.<\/p><p>Vous pouvez nous retourner le bulletin \u00e0 l&rsquo;intention de Charlotte \ud83d\udc69\u200d\ud83e\uddb0, notre secr\u00e9taire, \u00e0 l&rsquo;adresse : <strong><a href=\"mailto:secretariat@promotion-quarre-morvan.fr\">secretariat@promotion-quarre-morvan.fr<\/a><\/strong><\/p>\t\t\t\t\t\t\t\t<\/div>\n\t\t\t\t<\/div>\n\t\t\t\t<div class=\"elementor-element elementor-element-2e94ee0 elementor-button-success elementor-align-center elementor-widget elementor-widget-button\" data-id=\"2e94ee0\" data-element_type=\"widget\" data-widget_type=\"button.default\">\n\t\t\t\t<div class=\"elementor-widget-container\">\n\t\t\t\t\t\t\t\t\t<div class=\"elementor-button-wrapper\">\n\t\t\t\t\t<a class=\"elementor-button elementor-button-link elementor-size-xl\" href=\"http:\/\/promotion-quarre-morvan.fr\/wp-content\/uploads\/2023\/04\/20230423-bulletin-benevole-PQM.pdf\" bulletin=\"inscription\">\n\t\t\t\t\t\t<span class=\"elementor-button-content-wrapper\">\n\t\t\t\t\t\t\t\t\t<span class=\"elementor-button-text\">T\u00e9l\u00e9charger le bulletin d'inscription<\/span>\n\t\t\t\t\t<\/span>\n\t\t\t\t\t<\/a>\n\t\t\t\t<\/div>\n\t\t\t\t\t\t\t\t<\/div>\n\t\t\t\t<\/div>\n\t\t\t\t\t<\/div>\n\t\t<\/div>\n\t\t\t\t\t<\/div>\n\t\t<\/section>\n\t\t\t\t<\/div>\n\t\t","protected":false},"excerpt":{"rendered":"<p>Aujourd\u2019hui, nous souhaitons accueillir de jeunes b\u00e9n\u00e9voles pour apporter des id\u00e9es neuves et continuer l\u2019engagement dans l\u2019animation de Quarr\u00e9-Les-Tombes, dont tous reconnaissent la richesse. Nous vous proposons de nous rejoindre et de participer \u00e0 nos activit\u00e9s en fonction de vos possibilit\u00e9s, de la simple adh\u00e9sion \u00e0 un engagement plus important. Chaque adh\u00e9rent participe \u00e0 l\u2019assembl\u00e9e [&hellip;]<\/p>\n","protected":false},"author":5380,"featured_media":0,"parent":0,"menu_order":0,"comment_status":"closed","ping_status":"closed","template":"","meta":{"footnotes":""},"class_list":["post-1958","page","type-page","status-publish","hentry"],"_links":{"self":[{"href":"http:\/\/promotion-quarre-morvan.fr\/index.php\/wp-json\/wp\/v2\/pages\/1958","targetHints":{"allow":["GET"]}}],"collection":[{"href":"http:\/\/promotion-quarre-morvan.fr\/index.php\/wp-json\/wp\/v2\/pages"}],"about":[{"href":"http:\/\/promotion-quarre-morvan.fr\/index.php\/wp-json\/wp\/v2\/types\/page"}],"author":[{"embeddable":true,"href":"http:\/\/promotion-quarre-morvan.fr\/index.php\/wp-json\/wp\/v2\/users\/5380"}],"replies":[{"embeddable":true,"href":"http:\/\/promotion-quarre-morvan.fr\/index.php\/wp-json\/wp\/v2\/comments?post=1958"}],"version-history":[{"count":34,"href":"http:\/\/promotion-quarre-morvan.fr\/index.php\/wp-json\/wp\/v2\/pages\/1958\/revisions"}],"predecessor-version":[{"id":3205,"href":"http:\/\/promotion-quarre-morvan.fr\/index.php\/wp-json\/wp\/v2\/pages\/1958\/revisions\/3205"}],"wp:attachment":[{"href":"http:\/\/promotion-quarre-morvan.fr\/index.php\/wp-json\/wp\/v2\/media?parent=1958"}],"curies":[{"name":"wp","href":"https:\/\/api.w.org\/{rel}","templated":true}]}}