{"id":2781,"date":"2024-02-20T15:18:50","date_gmt":"2024-02-20T14:18:50","guid":{"rendered":"http:\/\/promotion-quarre-morvan.fr\/?page_id=2781"},"modified":"2024-09-13T16:05:30","modified_gmt":"2024-09-13T15:05:30","slug":"elementor-2781","status":"publish","type":"page","link":"http:\/\/promotion-quarre-morvan.fr\/index.php\/elementor-2781\/","title":{"rendered":"2024 &#8211; Exposition artisanale"},"content":{"rendered":"\t\t<div data-elementor-type=\"wp-page\" data-elementor-id=\"2781\" class=\"elementor elementor-2781\">\n\t\t\t\t\t\t<section class=\"elementor-section elementor-top-section elementor-element elementor-element-edf6154 elementor-section-boxed elementor-section-height-default elementor-section-height-default\" data-id=\"edf6154\" data-element_type=\"section\">\n\t\t\t\t\t\t<div class=\"elementor-container elementor-column-gap-default\">\n\t\t\t\t\t<div class=\"elementor-column elementor-col-100 elementor-top-column elementor-element elementor-element-102c0c3\" data-id=\"102c0c3\" data-element_type=\"column\">\n\t\t\t<div class=\"elementor-widget-wrap elementor-element-populated\">\n\t\t\t\t\t\t<div class=\"elementor-element elementor-element-61aeef0 elementor-widget elementor-widget-text-editor\" data-id=\"61aeef0\" data-element_type=\"widget\" data-widget_type=\"text-editor.default\">\n\t\t\t\t<div class=\"elementor-widget-container\">\n\t\t\t\t\t\t\t\t\t<h2><strong>Retrouvez-nous les 4 et 5 mai a l&rsquo;exposition artisanale de Quarr\u00e9-les-Tombes !\u00a0<\/strong><\/h2>\t\t\t\t\t\t\t\t<\/div>\n\t\t\t\t<\/div>\n\t\t\t\t<div class=\"elementor-element elementor-element-b31c10d elementor-widget elementor-widget-image\" data-id=\"b31c10d\" data-element_type=\"widget\" data-widget_type=\"image.default\">\n\t\t\t\t<div class=\"elementor-widget-container\">\n\t\t\t\t\t\t\t\t\t\t\t\t\t\t\t<img fetchpriority=\"high\" decoding=\"async\" width=\"724\" height=\"1024\" src=\"http:\/\/promotion-quarre-morvan.fr\/wp-content\/uploads\/2024\/04\/AFFICHE_EXPO_2024_FINAL-724x1024.png\" class=\"attachment-large size-large wp-image-2833\" alt=\"\" srcset=\"http:\/\/promotion-quarre-morvan.fr\/wp-content\/uploads\/2024\/04\/AFFICHE_EXPO_2024_FINAL-724x1024.png 724w, http:\/\/promotion-quarre-morvan.fr\/wp-content\/uploads\/2024\/04\/AFFICHE_EXPO_2024_FINAL-212x300.png 212w, http:\/\/promotion-quarre-morvan.fr\/wp-content\/uploads\/2024\/04\/AFFICHE_EXPO_2024_FINAL-768x1086.png 768w, http:\/\/promotion-quarre-morvan.fr\/wp-content\/uploads\/2024\/04\/AFFICHE_EXPO_2024_FINAL-1086x1536.png 1086w, http:\/\/promotion-quarre-morvan.fr\/wp-content\/uploads\/2024\/04\/AFFICHE_EXPO_2024_FINAL.png 1190w\" sizes=\"(max-width: 724px) 100vw, 724px\" \/>\t\t\t\t\t\t\t\t\t\t\t\t\t\t\t<\/div>\n\t\t\t\t<\/div>\n\t\t\t\t<div class=\"elementor-element elementor-element-54adec4 elementor-arrows-position-inside elementor-pagination-position-outside elementor-widget elementor-widget-image-carousel\" data-id=\"54adec4\" data-element_type=\"widget\" data-settings=\"{&quot;navigation&quot;:&quot;both&quot;,&quot;autoplay&quot;:&quot;yes&quot;,&quot;pause_on_hover&quot;:&quot;yes&quot;,&quot;pause_on_interaction&quot;:&quot;yes&quot;,&quot;autoplay_speed&quot;:5000,&quot;infinite&quot;:&quot;yes&quot;,&quot;speed&quot;:500}\" data-widget_type=\"image-carousel.default\">\n\t\t\t\t<div class=\"elementor-widget-container\">\n\t\t\t\t\t\t\t<div class=\"elementor-image-carousel-wrapper swiper\" role=\"region\" aria-roledescription=\"carousel\" aria-label=\"Carrousel d\u2019images\" dir=\"ltr\">\n\t\t\t<div class=\"elementor-image-carousel swiper-wrapper\" aria-live=\"off\">\n\t\t\t\t\t\t\t\t<div class=\"swiper-slide\" role=\"group\" aria-roledescription=\"slide\" aria-label=\"1 sur 30\"><figure class=\"swiper-slide-inner\"><img decoding=\"async\" class=\"swiper-slide-image\" src=\"http:\/\/promotion-quarre-morvan.fr\/wp-content\/uploads\/2024\/09\/20240505_105538-150x150.jpg\" alt=\"20240505_105538\" \/><\/figure><\/div><div class=\"swiper-slide\" role=\"group\" aria-roledescription=\"slide\" aria-label=\"2 sur 30\"><figure class=\"swiper-slide-inner\"><img decoding=\"async\" class=\"swiper-slide-image\" src=\"http:\/\/promotion-quarre-morvan.fr\/wp-content\/uploads\/2024\/09\/20240505_110844-150x150.jpg\" alt=\"20240505_110844\" \/><\/figure><\/div><div class=\"swiper-slide\" role=\"group\" aria-roledescription=\"slide\" aria-label=\"3 sur 30\"><figure class=\"swiper-slide-inner\"><img decoding=\"async\" class=\"swiper-slide-image\" src=\"http:\/\/promotion-quarre-morvan.fr\/wp-content\/uploads\/2024\/09\/20240505_110934-150x150.jpg\" alt=\"20240505_110934\" \/><\/figure><\/div><div class=\"swiper-slide\" role=\"group\" aria-roledescription=\"slide\" aria-label=\"4 sur 30\"><figure class=\"swiper-slide-inner\"><img decoding=\"async\" class=\"swiper-slide-image\" src=\"http:\/\/promotion-quarre-morvan.fr\/wp-content\/uploads\/2024\/09\/20240505_111116-150x150.jpg\" alt=\"20240505_111116\" \/><\/figure><\/div><div class=\"swiper-slide\" role=\"group\" aria-roledescription=\"slide\" aria-label=\"5 sur 30\"><figure class=\"swiper-slide-inner\"><img decoding=\"async\" class=\"swiper-slide-image\" src=\"http:\/\/promotion-quarre-morvan.fr\/wp-content\/uploads\/2024\/09\/20240505_111138-150x150.jpg\" alt=\"20240505_111138\" \/><\/figure><\/div><div class=\"swiper-slide\" role=\"group\" aria-roledescription=\"slide\" aria-label=\"6 sur 30\"><figure class=\"swiper-slide-inner\"><img decoding=\"async\" class=\"swiper-slide-image\" src=\"http:\/\/promotion-quarre-morvan.fr\/wp-content\/uploads\/2024\/09\/20240505_111145-150x150.jpg\" alt=\"20240505_111145\" \/><\/figure><\/div><div class=\"swiper-slide\" role=\"group\" aria-roledescription=\"slide\" aria-label=\"7 sur 30\"><figure class=\"swiper-slide-inner\"><img decoding=\"async\" class=\"swiper-slide-image\" src=\"http:\/\/promotion-quarre-morvan.fr\/wp-content\/uploads\/2024\/09\/20240505_111844-150x150.jpg\" alt=\"20240505_111844\" \/><\/figure><\/div><div class=\"swiper-slide\" role=\"group\" aria-roledescription=\"slide\" aria-label=\"8 sur 30\"><figure class=\"swiper-slide-inner\"><img decoding=\"async\" class=\"swiper-slide-image\" src=\"http:\/\/promotion-quarre-morvan.fr\/wp-content\/uploads\/2024\/09\/20240505_111856-150x150.jpg\" alt=\"20240505_111856\" \/><\/figure><\/div><div class=\"swiper-slide\" role=\"group\" aria-roledescription=\"slide\" aria-label=\"9 sur 30\"><figure class=\"swiper-slide-inner\"><img decoding=\"async\" class=\"swiper-slide-image\" src=\"http:\/\/promotion-quarre-morvan.fr\/wp-content\/uploads\/2024\/09\/20240505_111925-150x150.jpg\" alt=\"20240505_111925\" \/><\/figure><\/div><div class=\"swiper-slide\" role=\"group\" aria-roledescription=\"slide\" aria-label=\"10 sur 30\"><figure class=\"swiper-slide-inner\"><img decoding=\"async\" class=\"swiper-slide-image\" src=\"http:\/\/promotion-quarre-morvan.fr\/wp-content\/uploads\/2024\/09\/20240505_112008-150x150.jpg\" alt=\"20240505_112008\" \/><\/figure><\/div><div class=\"swiper-slide\" role=\"group\" aria-roledescription=\"slide\" aria-label=\"11 sur 30\"><figure class=\"swiper-slide-inner\"><img decoding=\"async\" class=\"swiper-slide-image\" src=\"http:\/\/promotion-quarre-morvan.fr\/wp-content\/uploads\/2024\/09\/20240505_112016-150x150.jpg\" alt=\"20240505_112016\" \/><\/figure><\/div><div class=\"swiper-slide\" role=\"group\" aria-roledescription=\"slide\" aria-label=\"12 sur 30\"><figure class=\"swiper-slide-inner\"><img decoding=\"async\" class=\"swiper-slide-image\" src=\"http:\/\/promotion-quarre-morvan.fr\/wp-content\/uploads\/2024\/09\/20240505_112025-150x150.jpg\" alt=\"20240505_112025\" \/><\/figure><\/div><div class=\"swiper-slide\" role=\"group\" aria-roledescription=\"slide\" aria-label=\"13 sur 30\"><figure class=\"swiper-slide-inner\"><img decoding=\"async\" class=\"swiper-slide-image\" src=\"http:\/\/promotion-quarre-morvan.fr\/wp-content\/uploads\/2024\/09\/20240505_112034-150x150.jpg\" alt=\"20240505_112034\" \/><\/figure><\/div><div class=\"swiper-slide\" role=\"group\" aria-roledescription=\"slide\" aria-label=\"14 sur 30\"><figure class=\"swiper-slide-inner\"><img decoding=\"async\" class=\"swiper-slide-image\" src=\"http:\/\/promotion-quarre-morvan.fr\/wp-content\/uploads\/2024\/09\/20240505_112143-150x150.jpg\" alt=\"20240505_112143\" \/><\/figure><\/div><div class=\"swiper-slide\" role=\"group\" aria-roledescription=\"slide\" aria-label=\"15 sur 30\"><figure class=\"swiper-slide-inner\"><img decoding=\"async\" class=\"swiper-slide-image\" src=\"http:\/\/promotion-quarre-morvan.fr\/wp-content\/uploads\/2024\/09\/20240505_112158-150x150.jpg\" alt=\"20240505_112158\" \/><\/figure><\/div><div class=\"swiper-slide\" role=\"group\" aria-roledescription=\"slide\" aria-label=\"16 sur 30\"><figure class=\"swiper-slide-inner\"><img decoding=\"async\" class=\"swiper-slide-image\" src=\"http:\/\/promotion-quarre-morvan.fr\/wp-content\/uploads\/2024\/09\/20240505_112501-150x150.jpg\" alt=\"20240505_112501\" \/><\/figure><\/div><div class=\"swiper-slide\" role=\"group\" aria-roledescription=\"slide\" aria-label=\"17 sur 30\"><figure class=\"swiper-slide-inner\"><img decoding=\"async\" class=\"swiper-slide-image\" src=\"http:\/\/promotion-quarre-morvan.fr\/wp-content\/uploads\/2024\/09\/20240505_112549-150x150.jpg\" alt=\"20240505_112549\" \/><\/figure><\/div><div class=\"swiper-slide\" role=\"group\" aria-roledescription=\"slide\" aria-label=\"18 sur 30\"><figure class=\"swiper-slide-inner\"><img decoding=\"async\" class=\"swiper-slide-image\" src=\"http:\/\/promotion-quarre-morvan.fr\/wp-content\/uploads\/2024\/09\/20240505_112554-150x150.jpg\" alt=\"20240505_112554\" \/><\/figure><\/div><div class=\"swiper-slide\" role=\"group\" aria-roledescription=\"slide\" aria-label=\"19 sur 30\"><figure class=\"swiper-slide-inner\"><img decoding=\"async\" class=\"swiper-slide-image\" src=\"http:\/\/promotion-quarre-morvan.fr\/wp-content\/uploads\/2024\/09\/20240505_112603-150x150.jpg\" alt=\"20240505_112603\" \/><\/figure><\/div><div class=\"swiper-slide\" role=\"group\" aria-roledescription=\"slide\" aria-label=\"20 sur 30\"><figure class=\"swiper-slide-inner\"><img decoding=\"async\" class=\"swiper-slide-image\" src=\"http:\/\/promotion-quarre-morvan.fr\/wp-content\/uploads\/2024\/09\/20240505_112621-150x150.jpg\" alt=\"20240505_112621\" \/><\/figure><\/div><div class=\"swiper-slide\" role=\"group\" aria-roledescription=\"slide\" aria-label=\"21 sur 30\"><figure class=\"swiper-slide-inner\"><img decoding=\"async\" class=\"swiper-slide-image\" src=\"http:\/\/promotion-quarre-morvan.fr\/wp-content\/uploads\/2024\/09\/20240505_112634-150x150.jpg\" alt=\"20240505_112634\" \/><\/figure><\/div><div class=\"swiper-slide\" role=\"group\" aria-roledescription=\"slide\" aria-label=\"22 sur 30\"><figure class=\"swiper-slide-inner\"><img decoding=\"async\" class=\"swiper-slide-image\" src=\"http:\/\/promotion-quarre-morvan.fr\/wp-content\/uploads\/2024\/09\/20240505_112714-150x150.jpg\" alt=\"20240505_112714\" \/><\/figure><\/div><div class=\"swiper-slide\" role=\"group\" aria-roledescription=\"slide\" aria-label=\"23 sur 30\"><figure class=\"swiper-slide-inner\"><img decoding=\"async\" class=\"swiper-slide-image\" src=\"http:\/\/promotion-quarre-morvan.fr\/wp-content\/uploads\/2024\/09\/20240505_112945-150x150.jpg\" alt=\"20240505_112945\" \/><\/figure><\/div><div class=\"swiper-slide\" role=\"group\" aria-roledescription=\"slide\" aria-label=\"24 sur 30\"><figure class=\"swiper-slide-inner\"><img decoding=\"async\" class=\"swiper-slide-image\" src=\"http:\/\/promotion-quarre-morvan.fr\/wp-content\/uploads\/2024\/09\/20240505_113008-150x150.jpg\" alt=\"20240505_113008\" \/><\/figure><\/div><div class=\"swiper-slide\" role=\"group\" aria-roledescription=\"slide\" aria-label=\"25 sur 30\"><figure class=\"swiper-slide-inner\"><img decoding=\"async\" class=\"swiper-slide-image\" src=\"http:\/\/promotion-quarre-morvan.fr\/wp-content\/uploads\/2024\/09\/20240505_113043-150x150.jpg\" alt=\"20240505_113043\" \/><\/figure><\/div><div class=\"swiper-slide\" role=\"group\" aria-roledescription=\"slide\" aria-label=\"26 sur 30\"><figure class=\"swiper-slide-inner\"><img decoding=\"async\" class=\"swiper-slide-image\" src=\"http:\/\/promotion-quarre-morvan.fr\/wp-content\/uploads\/2024\/09\/20240505_113103-150x150.jpg\" alt=\"20240505_113103\" \/><\/figure><\/div><div class=\"swiper-slide\" role=\"group\" aria-roledescription=\"slide\" aria-label=\"27 sur 30\"><figure class=\"swiper-slide-inner\"><img decoding=\"async\" class=\"swiper-slide-image\" src=\"http:\/\/promotion-quarre-morvan.fr\/wp-content\/uploads\/2024\/09\/20240505_113118-150x150.jpg\" alt=\"20240505_113118\" \/><\/figure><\/div><div class=\"swiper-slide\" role=\"group\" aria-roledescription=\"slide\" aria-label=\"28 sur 30\"><figure class=\"swiper-slide-inner\"><img decoding=\"async\" class=\"swiper-slide-image\" src=\"http:\/\/promotion-quarre-morvan.fr\/wp-content\/uploads\/2024\/09\/20240505_113228-150x150.jpg\" alt=\"20240505_113228\" \/><\/figure><\/div><div class=\"swiper-slide\" role=\"group\" aria-roledescription=\"slide\" aria-label=\"29 sur 30\"><figure class=\"swiper-slide-inner\"><img decoding=\"async\" class=\"swiper-slide-image\" src=\"http:\/\/promotion-quarre-morvan.fr\/wp-content\/uploads\/2024\/09\/20240505_113245-150x150.jpg\" alt=\"20240505_113245\" \/><\/figure><\/div><div class=\"swiper-slide\" role=\"group\" aria-roledescription=\"slide\" aria-label=\"30 sur 30\"><figure class=\"swiper-slide-inner\"><img decoding=\"async\" class=\"swiper-slide-image\" src=\"http:\/\/promotion-quarre-morvan.fr\/wp-content\/uploads\/2024\/09\/20240505_113739-150x150.jpg\" alt=\"20240505_113739\" \/><\/figure><\/div>\t\t\t<\/div>\n\t\t\t\t\t\t\t\t\t\t\t\t<div class=\"elementor-swiper-button elementor-swiper-button-prev\" role=\"button\" tabindex=\"0\">\n\t\t\t\t\t\t<i aria-hidden=\"true\" class=\"eicon-chevron-left\"><\/i>\t\t\t\t\t<\/div>\n\t\t\t\t\t<div class=\"elementor-swiper-button elementor-swiper-button-next\" role=\"button\" tabindex=\"0\">\n\t\t\t\t\t\t<i aria-hidden=\"true\" class=\"eicon-chevron-right\"><\/i>\t\t\t\t\t<\/div>\n\t\t\t\t\n\t\t\t\t\t\t\t\t\t<div class=\"swiper-pagination\"><\/div>\n\t\t\t\t\t\t\t\t\t<\/div>\n\t\t\t\t\t\t<\/div>\n\t\t\t\t<\/div>\n\t\t\t\t\t<\/div>\n\t\t<\/div>\n\t\t\t\t\t<\/div>\n\t\t<\/section>\n\t\t\t\t<section class=\"elementor-section elementor-top-section elementor-element elementor-element-70283a5 elementor-section-boxed elementor-section-height-default elementor-section-height-default\" data-id=\"70283a5\" data-element_type=\"section\">\n\t\t\t\t\t\t<div class=\"elementor-container elementor-column-gap-default\">\n\t\t\t\t\t<div class=\"elementor-column elementor-col-100 elementor-top-column elementor-element elementor-element-8cbadd9\" data-id=\"8cbadd9\" data-element_type=\"column\">\n\t\t\t<div class=\"elementor-widget-wrap elementor-element-populated\">\n\t\t\t\t\t\t<section class=\"elementor-section elementor-inner-section elementor-element elementor-element-f7e3e10 elementor-section-boxed elementor-section-height-default elementor-section-height-default\" data-id=\"f7e3e10\" data-element_type=\"section\">\n\t\t\t\t\t\t<div class=\"elementor-container elementor-column-gap-default\">\n\t\t\t\t\t<div class=\"elementor-column elementor-col-50 elementor-inner-column elementor-element elementor-element-760a64f\" data-id=\"760a64f\" data-element_type=\"column\">\n\t\t\t<div class=\"elementor-widget-wrap elementor-element-populated\">\n\t\t\t\t\t\t<div class=\"elementor-element elementor-element-9e2a2d1 elementor-widget elementor-widget-text-editor\" data-id=\"9e2a2d1\" data-element_type=\"widget\" data-widget_type=\"text-editor.default\">\n\t\t\t\t<div class=\"elementor-widget-container\">\n\t\t\t\t\t\t\t\t\t<p>Espace exposant :\u00a0<\/p><p><a href=\"http:\/\/promotion-quarre-morvan.fr\/wp-content\/uploads\/2024\/02\/courrier-candidats-Expo-2024.pdf\">\ud83d\udcc4 Courrier d&rsquo;invitation pour les exposants<\/a><\/p><p><a href=\"http:\/\/promotion-quarre-morvan.fr\/wp-content\/uploads\/2024\/02\/2024-Bulletin-candidature-Expo.pdf\">\ud83d\udcc4 Bulletin de candidature pour les exposants<\/a><\/p><p><a href=\"http:\/\/promotion-quarre-morvan.fr\/wp-content\/uploads\/2024\/02\/2024-PQM-Fiche-technique-Expo.pdf\">\ud83d\udcc4 Fiche technique \u00e0 destination des exposants<\/a><\/p>\t\t\t\t\t\t\t\t<\/div>\n\t\t\t\t<\/div>\n\t\t\t\t\t<\/div>\n\t\t<\/div>\n\t\t\t\t<div class=\"elementor-column elementor-col-50 elementor-inner-column elementor-element elementor-element-7e095b5\" data-id=\"7e095b5\" data-element_type=\"column\">\n\t\t\t<div class=\"elementor-widget-wrap elementor-element-populated\">\n\t\t\t\t\t\t<div class=\"elementor-element elementor-element-f5e0ff1 elementor-widget elementor-widget-text-editor\" data-id=\"f5e0ff1\" data-element_type=\"widget\" data-widget_type=\"text-editor.default\">\n\t\t\t\t<div class=\"elementor-widget-container\">\n\t\t\t\t\t\t\t\t\t<p><strong>Vous souhaitez exposer ? Toutes les r\u00e9ponses sont ici\u00a0 !<\/strong><\/p><p>\u00ab\u00a0Madame, Monsieur,<\/p><p>Vous \u00eates artisan, producteur, de Bourgogne Franche-Comt\u00e9,<\/p><p><strong>L\u2019exposition artisanale de Quarr\u00e9 les Tombes<\/strong><br \/><strong>vous accueille les samedi 4 et dimanche 5 mai 2024<\/strong><br \/><strong>A l\u2019espace Jean Legros \u2013 Parc municipal et salle polyvalente.<\/strong><\/p><p>Nous avons le plaisir de vous adresser ci-joint un bulletin de candidature et une fiche technique.<\/p><p>En r\u00e9ponse \u00e0 vos inscriptions, une Commission de s\u00e9lection se tiendra fin mars afin d\u2019\u00e9tudier tous les dossiers de candidature. Cette s\u00e9lection a pour but de garantir la qualit\u00e9 et la diversit\u00e9 des artisans et producteurs pr\u00e9sents sur notre exposition, v\u00e9rifier les r\u00e9f\u00e9rences statutaires et r\u00e9gionales, \u00e9quilibrer le nombre d\u2019artisans proposant un m\u00eame type de produits et r\u00e9partir entre les espaces ext\u00e9rieur et int\u00e9rieur pour les produits les plus fragiles.<\/p><p>Ainsi la majorit\u00e9 d\u2019entre vous devra \u00eatre \u00e9quip\u00e9 de son barnum pour l\u2019ext\u00e9rieur et pour tous, des tables, chaises et portants.<\/p><p>Dans cet objectif, nous vous remercions de bien vouloir nous retourner par courrier votre dossier de candidature accompagn\u00e9 de votre ch\u00e8que libell\u00e9 \u00e0 l\u2019ordre de Promotion Quarr\u00e9 Morvan, imp\u00e9rativement avant le 24 mars 2024 \u00e0 :<\/p><p><em>Charlotte Bailly \u2013 5 route des Brizards \u2013 Trinquelin \u2013 89630 \u2013 Saint-L\u00e9ger-Vauban<\/em>.<\/p><p>Dans le cas d\u2019une premi\u00e8re inscription nous vous demandons de joindre au bulletin de candidature :<\/p><p>&#8211; Les copies de votre enregistrement statutaire (DI) et d\u2019appel \u00e0 cotisations URSSAF;<br \/>&#8211; Un dossier de pr\u00e9sentation de votre travail avec photos des articles ou des produits que vous mettrez en vente et des photos au format num\u00e9rique pour le site internet.<br \/>&#8211; Ne pas oublier l\u2019adresse de votre site internet ou du site de vente utilis\u00e9.<\/p><p>Un courrier circonstanci\u00e9 vous parviendra fin mars afin de vous confirmer, ou non, votre participation. Dans le cas d\u2019un refus votre ch\u00e8que vous sera retourn\u00e9 avec le courrier. Votre r\u00e8glement ne sera encaiss\u00e9 qu\u2019\u00e0 l\u2019approche de l\u2019exposition avec envoi d\u2019une facture acquitt\u00e9e.<\/p><p>Si vous ne souhaitez pas participer cette ann\u00e9e, nous vous serions reconnaissants de nous l\u2019indiquer par mail. Si vous connaissez d\u2019autres artisans qui pourraient \u00eatre int\u00e9ress\u00e9s par notre Expo, merci de nous le faire savoir afin que nous puissions leur envoyer un dossier de candidature dans les temps.<\/p><p>Une fiche technique est jointe \u00e0 ce bulletin, nous vous demandons d\u2019en prendre connaissance et d\u2019en respecter les recommandations. Elle vise \u00e0 faciliter la bonne marche de l\u2019exposition comme votre installation. Souhaitant vous trouver parmi nos exposants et producteurs sur l\u2019Exposition 2024, veuillez croire, Madame, Monsieur, en l\u2019assurance de nos cordiales salutations.<\/p><p>Pascal Vignaud, Pr\u00e9sident \u00ab\u00a0<\/p>\t\t\t\t\t\t\t\t<\/div>\n\t\t\t\t<\/div>\n\t\t\t\t<div class=\"elementor-element elementor-element-af88275 elementor-widget elementor-widget-image\" data-id=\"af88275\" data-element_type=\"widget\" data-widget_type=\"image.default\">\n\t\t\t\t<div class=\"elementor-widget-container\">\n\t\t\t\t\t\t\t\t\t\t\t\t\t\t\t<img fetchpriority=\"high\" decoding=\"async\" width=\"724\" height=\"1024\" src=\"http:\/\/promotion-quarre-morvan.fr\/wp-content\/uploads\/2024\/04\/AFFICHE_EXPO_2024_FINAL-724x1024.png\" class=\"attachment-large size-large wp-image-2833\" alt=\"\" srcset=\"http:\/\/promotion-quarre-morvan.fr\/wp-content\/uploads\/2024\/04\/AFFICHE_EXPO_2024_FINAL-724x1024.png 724w, http:\/\/promotion-quarre-morvan.fr\/wp-content\/uploads\/2024\/04\/AFFICHE_EXPO_2024_FINAL-212x300.png 212w, http:\/\/promotion-quarre-morvan.fr\/wp-content\/uploads\/2024\/04\/AFFICHE_EXPO_2024_FINAL-768x1086.png 768w, http:\/\/promotion-quarre-morvan.fr\/wp-content\/uploads\/2024\/04\/AFFICHE_EXPO_2024_FINAL-1086x1536.png 1086w, http:\/\/promotion-quarre-morvan.fr\/wp-content\/uploads\/2024\/04\/AFFICHE_EXPO_2024_FINAL.png 1190w\" sizes=\"(max-width: 724px) 100vw, 724px\" \/>\t\t\t\t\t\t\t\t\t\t\t\t\t\t\t<\/div>\n\t\t\t\t<\/div>\n\t\t\t\t\t<\/div>\n\t\t<\/div>\n\t\t\t\t\t<\/div>\n\t\t<\/section>\n\t\t\t\t\t<\/div>\n\t\t<\/div>\n\t\t\t\t\t<\/div>\n\t\t<\/section>\n\t\t\t\t<\/div>\n\t\t","protected":false},"excerpt":{"rendered":"<p>Retrouvez-nous les 4 et 5 mai a l&rsquo;exposition artisanale de Quarr\u00e9-les-Tombes !\u00a0 Espace exposant :\u00a0 &#x1f4c4; Courrier d&rsquo;invitation pour les exposants &#x1f4c4; Bulletin de candidature pour les exposants &#x1f4c4; Fiche technique \u00e0 destination des exposants Vous souhaitez exposer ? Toutes les r\u00e9ponses sont ici\u00a0 ! \u00ab\u00a0Madame, Monsieur, Vous \u00eates artisan, producteur, de Bourgogne Franche-Comt\u00e9, L\u2019exposition [&hellip;]<\/p>\n","protected":false},"author":6317,"featured_media":0,"parent":0,"menu_order":0,"comment_status":"closed","ping_status":"closed","template":"","meta":{"footnotes":""},"class_list":["post-2781","page","type-page","status-publish","hentry"],"_links":{"self":[{"href":"http:\/\/promotion-quarre-morvan.fr\/index.php\/wp-json\/wp\/v2\/pages\/2781","targetHints":{"allow":["GET"]}}],"collection":[{"href":"http:\/\/promotion-quarre-morvan.fr\/index.php\/wp-json\/wp\/v2\/pages"}],"about":[{"href":"http:\/\/promotion-quarre-morvan.fr\/index.php\/wp-json\/wp\/v2\/types\/page"}],"author":[{"embeddable":true,"href":"http:\/\/promotion-quarre-morvan.fr\/index.php\/wp-json\/wp\/v2\/users\/6317"}],"replies":[{"embeddable":true,"href":"http:\/\/promotion-quarre-morvan.fr\/index.php\/wp-json\/wp\/v2\/comments?post=2781"}],"version-history":[{"count":23,"href":"http:\/\/promotion-quarre-morvan.fr\/index.php\/wp-json\/wp\/v2\/pages\/2781\/revisions"}],"predecessor-version":[{"id":2964,"href":"http:\/\/promotion-quarre-morvan.fr\/index.php\/wp-json\/wp\/v2\/pages\/2781\/revisions\/2964"}],"wp:attachment":[{"href":"http:\/\/promotion-quarre-morvan.fr\/index.php\/wp-json\/wp\/v2\/media?parent=2781"}],"curies":[{"name":"wp","href":"https:\/\/api.w.org\/{rel}","templated":true}]}}