{"id":2848,"date":"2024-06-08T17:09:29","date_gmt":"2024-06-08T16:09:29","guid":{"rendered":"http:\/\/promotion-quarre-morvan.fr\/?page_id=2848"},"modified":"2024-09-13T16:08:18","modified_gmt":"2024-09-13T15:08:18","slug":"2024-fete-de-lete","status":"publish","type":"page","link":"http:\/\/promotion-quarre-morvan.fr\/index.php\/2024-fete-de-lete\/","title":{"rendered":"2024 &#8211; F\u00eate de l&rsquo;\u00e9t\u00e9"},"content":{"rendered":"\t\t<div data-elementor-type=\"wp-page\" data-elementor-id=\"2848\" class=\"elementor elementor-2848\">\n\t\t\t\t\t\t<section class=\"elementor-section elementor-top-section elementor-element elementor-element-2e2441c elementor-section-boxed elementor-section-height-default elementor-section-height-default\" data-id=\"2e2441c\" data-element_type=\"section\">\n\t\t\t\t\t\t<div class=\"elementor-container elementor-column-gap-default\">\n\t\t\t\t\t<div class=\"elementor-column elementor-col-100 elementor-top-column elementor-element elementor-element-70e46af\" data-id=\"70e46af\" data-element_type=\"column\">\n\t\t\t<div class=\"elementor-widget-wrap elementor-element-populated\">\n\t\t\t\t\t\t<div class=\"elementor-element elementor-element-ce83b08 elementor-widget elementor-widget-image\" data-id=\"ce83b08\" data-element_type=\"widget\" data-widget_type=\"image.default\">\n\t\t\t\t<div class=\"elementor-widget-container\">\n\t\t\t\t\t\t\t\t\t\t\t\t\t\t\t<img fetchpriority=\"high\" decoding=\"async\" width=\"722\" height=\"1024\" src=\"http:\/\/promotion-quarre-morvan.fr\/wp-content\/uploads\/2024\/06\/ENCART-CRIQUET-722x1024.jpg\" class=\"attachment-large size-large wp-image-2850\" alt=\"\" srcset=\"http:\/\/promotion-quarre-morvan.fr\/wp-content\/uploads\/2024\/06\/ENCART-CRIQUET-722x1024.jpg 722w, http:\/\/promotion-quarre-morvan.fr\/wp-content\/uploads\/2024\/06\/ENCART-CRIQUET-211x300.jpg 211w, http:\/\/promotion-quarre-morvan.fr\/wp-content\/uploads\/2024\/06\/ENCART-CRIQUET-768x1089.jpg 768w, http:\/\/promotion-quarre-morvan.fr\/wp-content\/uploads\/2024\/06\/ENCART-CRIQUET-1083x1536.jpg 1083w, http:\/\/promotion-quarre-morvan.fr\/wp-content\/uploads\/2024\/06\/ENCART-CRIQUET-1444x2048.jpg 1444w, http:\/\/promotion-quarre-morvan.fr\/wp-content\/uploads\/2024\/06\/ENCART-CRIQUET.jpg 1749w\" sizes=\"(max-width: 722px) 100vw, 722px\" \/>\t\t\t\t\t\t\t\t\t\t\t\t\t\t\t<\/div>\n\t\t\t\t<\/div>\n\t\t\t\t\t<\/div>\n\t\t<\/div>\n\t\t\t\t\t<\/div>\n\t\t<\/section>\n\t\t\t\t<section class=\"elementor-section elementor-top-section elementor-element elementor-element-0b2421b elementor-section-boxed elementor-section-height-default elementor-section-height-default\" data-id=\"0b2421b\" data-element_type=\"section\">\n\t\t\t\t\t\t<div class=\"elementor-container elementor-column-gap-default\">\n\t\t\t\t\t<div class=\"elementor-column elementor-col-100 elementor-top-column elementor-element elementor-element-7cf0cf4\" data-id=\"7cf0cf4\" data-element_type=\"column\">\n\t\t\t<div class=\"elementor-widget-wrap elementor-element-populated\">\n\t\t\t\t\t\t<div class=\"elementor-element elementor-element-e396fc1 elementor-arrows-position-inside elementor-pagination-position-outside elementor-widget elementor-widget-image-carousel\" data-id=\"e396fc1\" data-element_type=\"widget\" data-settings=\"{&quot;navigation&quot;:&quot;both&quot;,&quot;autoplay&quot;:&quot;yes&quot;,&quot;pause_on_hover&quot;:&quot;yes&quot;,&quot;pause_on_interaction&quot;:&quot;yes&quot;,&quot;autoplay_speed&quot;:5000,&quot;infinite&quot;:&quot;yes&quot;,&quot;speed&quot;:500}\" data-widget_type=\"image-carousel.default\">\n\t\t\t\t<div class=\"elementor-widget-container\">\n\t\t\t\t\t\t\t<div class=\"elementor-image-carousel-wrapper swiper\" role=\"region\" aria-roledescription=\"carousel\" aria-label=\"Carrousel d\u2019images\" dir=\"ltr\">\n\t\t\t<div class=\"elementor-image-carousel swiper-wrapper\" aria-live=\"off\">\n\t\t\t\t\t\t\t\t<div class=\"swiper-slide\" role=\"group\" aria-roledescription=\"slide\" aria-label=\"1 sur 13\"><figure class=\"swiper-slide-inner\"><img decoding=\"async\" class=\"swiper-slide-image\" src=\"http:\/\/promotion-quarre-morvan.fr\/wp-content\/uploads\/2024\/09\/20240706_215828-150x150.jpg\" alt=\"20240706_215828\" \/><\/figure><\/div><div class=\"swiper-slide\" role=\"group\" aria-roledescription=\"slide\" aria-label=\"2 sur 13\"><figure class=\"swiper-slide-inner\"><img decoding=\"async\" class=\"swiper-slide-image\" src=\"http:\/\/promotion-quarre-morvan.fr\/wp-content\/uploads\/2024\/09\/20240706_215841-150x150.jpg\" alt=\"20240706_215841\" \/><\/figure><\/div><div class=\"swiper-slide\" role=\"group\" aria-roledescription=\"slide\" aria-label=\"3 sur 13\"><figure class=\"swiper-slide-inner\"><img decoding=\"async\" class=\"swiper-slide-image\" src=\"http:\/\/promotion-quarre-morvan.fr\/wp-content\/uploads\/2024\/09\/20240706_215937-150x150.jpg\" alt=\"20240706_215937\" \/><\/figure><\/div><div class=\"swiper-slide\" role=\"group\" aria-roledescription=\"slide\" aria-label=\"4 sur 13\"><figure class=\"swiper-slide-inner\"><img decoding=\"async\" class=\"swiper-slide-image\" src=\"http:\/\/promotion-quarre-morvan.fr\/wp-content\/uploads\/2024\/09\/20240706_225242-150x150.jpg\" alt=\"20240706_225242\" \/><\/figure><\/div><div class=\"swiper-slide\" role=\"group\" aria-roledescription=\"slide\" aria-label=\"5 sur 13\"><figure class=\"swiper-slide-inner\"><img decoding=\"async\" class=\"swiper-slide-image\" src=\"http:\/\/promotion-quarre-morvan.fr\/wp-content\/uploads\/2024\/09\/20240706_225830-150x150.jpg\" alt=\"20240706_225830\" \/><\/figure><\/div><div class=\"swiper-slide\" role=\"group\" aria-roledescription=\"slide\" aria-label=\"6 sur 13\"><figure class=\"swiper-slide-inner\"><img decoding=\"async\" class=\"swiper-slide-image\" src=\"http:\/\/promotion-quarre-morvan.fr\/wp-content\/uploads\/2024\/09\/20240706_230308-150x150.jpg\" alt=\"20240706_230308\" \/><\/figure><\/div><div class=\"swiper-slide\" role=\"group\" aria-roledescription=\"slide\" aria-label=\"7 sur 13\"><figure class=\"swiper-slide-inner\"><img decoding=\"async\" class=\"swiper-slide-image\" src=\"http:\/\/promotion-quarre-morvan.fr\/wp-content\/uploads\/2024\/09\/20240706_230555-150x150.jpg\" alt=\"20240706_230555\" \/><\/figure><\/div><div class=\"swiper-slide\" role=\"group\" aria-roledescription=\"slide\" aria-label=\"8 sur 13\"><figure class=\"swiper-slide-inner\"><img decoding=\"async\" class=\"swiper-slide-image\" src=\"http:\/\/promotion-quarre-morvan.fr\/wp-content\/uploads\/2024\/09\/20240706_230558-150x150.jpg\" alt=\"20240706_230558\" \/><\/figure><\/div><div class=\"swiper-slide\" role=\"group\" aria-roledescription=\"slide\" aria-label=\"9 sur 13\"><figure class=\"swiper-slide-inner\"><img decoding=\"async\" class=\"swiper-slide-image\" src=\"http:\/\/promotion-quarre-morvan.fr\/wp-content\/uploads\/2024\/09\/20240706_230616-150x150.jpg\" alt=\"20240706_230616\" \/><\/figure><\/div><div class=\"swiper-slide\" role=\"group\" aria-roledescription=\"slide\" aria-label=\"10 sur 13\"><figure class=\"swiper-slide-inner\"><img decoding=\"async\" class=\"swiper-slide-image\" src=\"http:\/\/promotion-quarre-morvan.fr\/wp-content\/uploads\/2024\/09\/20240706_231833-150x150.jpg\" alt=\"20240706_231833\" \/><\/figure><\/div><div class=\"swiper-slide\" role=\"group\" aria-roledescription=\"slide\" aria-label=\"11 sur 13\"><figure class=\"swiper-slide-inner\"><img decoding=\"async\" class=\"swiper-slide-image\" src=\"http:\/\/promotion-quarre-morvan.fr\/wp-content\/uploads\/2024\/09\/20240706_232600-150x150.jpg\" alt=\"20240706_232600\" \/><\/figure><\/div><div class=\"swiper-slide\" role=\"group\" aria-roledescription=\"slide\" aria-label=\"12 sur 13\"><figure class=\"swiper-slide-inner\"><img decoding=\"async\" class=\"swiper-slide-image\" src=\"http:\/\/promotion-quarre-morvan.fr\/wp-content\/uploads\/2024\/09\/20240706_233123-150x150.jpg\" alt=\"20240706_233123\" \/><\/figure><\/div><div class=\"swiper-slide\" role=\"group\" aria-roledescription=\"slide\" aria-label=\"13 sur 13\"><figure class=\"swiper-slide-inner\"><img decoding=\"async\" class=\"swiper-slide-image\" src=\"http:\/\/promotion-quarre-morvan.fr\/wp-content\/uploads\/2024\/09\/20240707_002809-150x150.jpg\" alt=\"20240707_002809\" \/><\/figure><\/div>\t\t\t<\/div>\n\t\t\t\t\t\t\t\t\t\t\t\t<div class=\"elementor-swiper-button elementor-swiper-button-prev\" role=\"button\" tabindex=\"0\">\n\t\t\t\t\t\t<i aria-hidden=\"true\" class=\"eicon-chevron-left\"><\/i>\t\t\t\t\t<\/div>\n\t\t\t\t\t<div class=\"elementor-swiper-button elementor-swiper-button-next\" role=\"button\" tabindex=\"0\">\n\t\t\t\t\t\t<i aria-hidden=\"true\" class=\"eicon-chevron-right\"><\/i>\t\t\t\t\t<\/div>\n\t\t\t\t\n\t\t\t\t\t\t\t\t\t<div class=\"swiper-pagination\"><\/div>\n\t\t\t\t\t\t\t\t\t<\/div>\n\t\t\t\t\t\t<\/div>\n\t\t\t\t<\/div>\n\t\t\t\t\t<\/div>\n\t\t<\/div>\n\t\t\t\t\t<\/div>\n\t\t<\/section>\n\t\t\t\t<\/div>\n\t\t","protected":false},"excerpt":{"rendered":"","protected":false},"author":6317,"featured_media":0,"parent":0,"menu_order":0,"comment_status":"closed","ping_status":"closed","template":"","meta":{"footnotes":""},"class_list":["post-2848","page","type-page","status-publish","hentry"],"_links":{"self":[{"href":"http:\/\/promotion-quarre-morvan.fr\/index.php\/wp-json\/wp\/v2\/pages\/2848","targetHints":{"allow":["GET"]}}],"collection":[{"href":"http:\/\/promotion-quarre-morvan.fr\/index.php\/wp-json\/wp\/v2\/pages"}],"about":[{"href":"http:\/\/promotion-quarre-morvan.fr\/index.php\/wp-json\/wp\/v2\/types\/page"}],"author":[{"embeddable":true,"href":"http:\/\/promotion-quarre-morvan.fr\/index.php\/wp-json\/wp\/v2\/users\/6317"}],"replies":[{"embeddable":true,"href":"http:\/\/promotion-quarre-morvan.fr\/index.php\/wp-json\/wp\/v2\/comments?post=2848"}],"version-history":[{"count":10,"href":"http:\/\/promotion-quarre-morvan.fr\/index.php\/wp-json\/wp\/v2\/pages\/2848\/revisions"}],"predecessor-version":[{"id":2981,"href":"http:\/\/promotion-quarre-morvan.fr\/index.php\/wp-json\/wp\/v2\/pages\/2848\/revisions\/2981"}],"wp:attachment":[{"href":"http:\/\/promotion-quarre-morvan.fr\/index.php\/wp-json\/wp\/v2\/media?parent=2848"}],"curies":[{"name":"wp","href":"https:\/\/api.w.org\/{rel}","templated":true}]}}