{"id":3087,"date":"2025-05-29T14:34:41","date_gmt":"2025-05-29T13:34:41","guid":{"rendered":"http:\/\/promotion-quarre-morvan.fr\/?page_id=3087"},"modified":"2025-05-29T14:41:42","modified_gmt":"2025-05-29T13:41:42","slug":"2025-fete-de-lete","status":"publish","type":"page","link":"http:\/\/promotion-quarre-morvan.fr\/index.php\/2025-fete-de-lete\/","title":{"rendered":"2025 &#8211; F\u00eate de l&rsquo;\u00e9t\u00e9"},"content":{"rendered":"\t\t<div data-elementor-type=\"wp-page\" data-elementor-id=\"3087\" class=\"elementor elementor-3087\">\n\t\t\t\t\t\t<section class=\"elementor-section elementor-top-section elementor-element elementor-element-2bf04c3 elementor-section-boxed elementor-section-height-default elementor-section-height-default\" data-id=\"2bf04c3\" data-element_type=\"section\">\n\t\t\t\t\t\t<div class=\"elementor-container elementor-column-gap-default\">\n\t\t\t\t\t<div class=\"elementor-column elementor-col-100 elementor-top-column elementor-element elementor-element-d9a15ca\" data-id=\"d9a15ca\" data-element_type=\"column\">\n\t\t\t<div class=\"elementor-widget-wrap elementor-element-populated\">\n\t\t\t\t\t\t<div class=\"elementor-element elementor-element-f24b62c elementor-widget elementor-widget-image\" data-id=\"f24b62c\" data-element_type=\"widget\" data-widget_type=\"image.default\">\n\t\t\t\t<div class=\"elementor-widget-container\">\n\t\t\t\t\t\t\t\t\t\t\t\t\t\t\t<img fetchpriority=\"high\" decoding=\"async\" width=\"722\" height=\"1024\" src=\"http:\/\/promotion-quarre-morvan.fr\/wp-content\/uploads\/2025\/05\/PQM-Fete-de-lete-vertical-722x1024.jpg\" class=\"attachment-large size-large wp-image-3086\" alt=\"\" srcset=\"http:\/\/promotion-quarre-morvan.fr\/wp-content\/uploads\/2025\/05\/PQM-Fete-de-lete-vertical-722x1024.jpg 722w, http:\/\/promotion-quarre-morvan.fr\/wp-content\/uploads\/2025\/05\/PQM-Fete-de-lete-vertical-211x300.jpg 211w, http:\/\/promotion-quarre-morvan.fr\/wp-content\/uploads\/2025\/05\/PQM-Fete-de-lete-vertical-768x1089.jpg 768w, http:\/\/promotion-quarre-morvan.fr\/wp-content\/uploads\/2025\/05\/PQM-Fete-de-lete-vertical-1083x1536.jpg 1083w, http:\/\/promotion-quarre-morvan.fr\/wp-content\/uploads\/2025\/05\/PQM-Fete-de-lete-vertical-1444x2048.jpg 1444w, http:\/\/promotion-quarre-morvan.fr\/wp-content\/uploads\/2025\/05\/PQM-Fete-de-lete-vertical.jpg 1749w\" sizes=\"(max-width: 722px) 100vw, 722px\" \/>\t\t\t\t\t\t\t\t\t\t\t\t\t\t\t<\/div>\n\t\t\t\t<\/div>\n\t\t\t\t\t<\/div>\n\t\t<\/div>\n\t\t\t\t\t<\/div>\n\t\t<\/section>\n\t\t\t\t<\/div>\n\t\t","protected":false},"excerpt":{"rendered":"","protected":false},"author":6317,"featured_media":0,"parent":0,"menu_order":0,"comment_status":"closed","ping_status":"closed","template":"","meta":{"footnotes":""},"class_list":["post-3087","page","type-page","status-publish","hentry"],"_links":{"self":[{"href":"http:\/\/promotion-quarre-morvan.fr\/index.php\/wp-json\/wp\/v2\/pages\/3087","targetHints":{"allow":["GET"]}}],"collection":[{"href":"http:\/\/promotion-quarre-morvan.fr\/index.php\/wp-json\/wp\/v2\/pages"}],"about":[{"href":"http:\/\/promotion-quarre-morvan.fr\/index.php\/wp-json\/wp\/v2\/types\/page"}],"author":[{"embeddable":true,"href":"http:\/\/promotion-quarre-morvan.fr\/index.php\/wp-json\/wp\/v2\/users\/6317"}],"replies":[{"embeddable":true,"href":"http:\/\/promotion-quarre-morvan.fr\/index.php\/wp-json\/wp\/v2\/comments?post=3087"}],"version-history":[{"count":4,"href":"http:\/\/promotion-quarre-morvan.fr\/index.php\/wp-json\/wp\/v2\/pages\/3087\/revisions"}],"predecessor-version":[{"id":3115,"href":"http:\/\/promotion-quarre-morvan.fr\/index.php\/wp-json\/wp\/v2\/pages\/3087\/revisions\/3115"}],"wp:attachment":[{"href":"http:\/\/promotion-quarre-morvan.fr\/index.php\/wp-json\/wp\/v2\/media?parent=3087"}],"curies":[{"name":"wp","href":"https:\/\/api.w.org\/{rel}","templated":true}]}}